{"id":1662,"date":"2019-10-16T15:42:51","date_gmt":"2019-10-16T15:42:51","guid":{"rendered":"http:\/\/www.academiadominicanahistoria.org.do\/?page_id=1662"},"modified":"2022-10-11T13:39:35","modified_gmt":"2022-10-11T13:39:35","slug":"comisiones-y-delegaciones-2019-2022","status":"publish","type":"page","link":"https:\/\/www.academiadominicanahistoria.org.do\/?page_id=1662","title":{"rendered":"Comisiones y Delegaciones 2019-2022"},"content":{"rendered":"\n<p><strong><mark style=\"background-color:rgba(0, 0, 0, 0)\" class=\"has-inline-color has-black-color\">Comisiones Estatutarias<\/mark><\/strong><\/p>\n\n\n\n<p><mark style=\"background-color:rgba(0, 0, 0, 0)\" class=\"has-inline-color has-black-color\">Las Comisiones, seg\u00fan los art\u00edculos 32 y 33 de los Estatutos de la Academia Dominicana de la Historia, son organismos de car\u00e1cter permanente cuyos integrantes son designados\u00a0 por el presidente de la instituci\u00f3n.<\/mark><\/p>\n\n\n\n<p class=\"has-text-align-left\"><strong><mark style=\"background-color:rgba(0, 0, 0, 0)\" class=\"has-inline-color has-black-color\">Comisiones Estatutarias 2019-2022<\/mark><\/strong><\/p>\n\n\n\n<figure class=\"wp-block-table is-style-stripes\"><table class=\"has-subtle-pale-green-background-color has-background has-fixed-layout\"><tbody><tr><td><strong><em>Comisi\u00f3n<\/em><\/strong><\/td><td><strong><em>Coordinador<\/em><\/strong><\/td><td><strong><em>Miembros<\/em><\/strong><\/td><\/tr><tr><td><strong><em>Revista Cl\u00edo<\/em><\/strong><\/td><td>Jos\u00e9 Luis S\u00e1ez, S. J.<\/td><td>Santiago Castro Ventura<br>Jeannette Miller Rivas<\/td><\/tr><tr><td><em><strong>Programa Editorial<\/strong><\/em><\/td><td>Frank Moya Pons<\/td><td>Welner Dar\u00edo F\u00e9liz F\u00e9liz<br>Blanca Delgado Malag\u00f3n<\/td><\/tr><tr><td><strong><em>Investigaci\u00f3nes<\/em><\/strong><\/td><td>Raymundo Gonz\u00e1lez<\/td><td>Roberto Cass\u00e1<\/td><\/tr><tr><td><em><strong>Jur\u00eddica<\/strong><\/em><\/td><td>Edwin Espinal Hern\u00e1ndez<\/td><td>Am\u00e9rico Moreta Castillo<br>Wenceslao Vega<\/td><\/tr><tr><td><em><strong>Biblioteca y Archivo<\/strong><\/em><\/td><td>Dr. Jorge Tena Reyes<\/td><td>Fernando Infante<br>Filiberto Cruz S\u00e1nchez<\/td><\/tr><tr><td><em><strong>Finanzas y Presupuesto<\/strong><\/em><\/td><td>Arturo Mart\u00ednez Moya<\/td><td>Eduardo Tejera<br>Joan Ferrer<\/td><\/tr><\/tbody><\/table><\/figure>\n\n\n\n<hr class=\"wp-block-separator has-css-opacity is-style-wide\"\/>\n\n\n\n<p><strong><mark style=\"background-color:rgba(0, 0, 0, 0)\" class=\"has-inline-color has-black-color\">Delegaciones Provinciales<\/mark><\/strong><\/p>\n\n\n\n<p><mark style=\"background-color:rgba(0, 0, 0, 0)\" class=\"has-inline-color has-black-color\">Con la finalidad de cumplir con los objetivos de la Academia Dominicana de la Historia, sus Estatutos en el art\u00edculo 1 contemplan que esta puede establecer extensiones o delegaciones en otras ciudades de la Rep\u00fablica Dominicana. En tal sentido la Junta Directiva de esta Academia, en su primera sesi\u00f3n de fecha mi\u00e9rcoles 28 de agosto del a\u00f1o en curso, design\u00f3 las siguientes Delegaciones Provinciales que est\u00e1n presididas por miembros de numero o miembros correspondientes residentes en el interior del pa\u00eds.<\/mark><\/p>\n\n\n\n<p><mark style=\"background-color:rgba(0, 0, 0, 0)\" class=\"has-inline-color has-black-color\"><strong>Delegaciones Provinciales 2019-2022<\/strong> <\/mark><\/p>\n\n\n\n<figure class=\"wp-block-table aligncenter is-style-stripes\"><table class=\"has-subtle-pale-green-background-color has-background has-fixed-layout\"><tbody><tr><td><mark style=\"background-color:rgba(0, 0, 0, 0)\" class=\"has-inline-color has-black-color\"><strong><em>Provincia<\/em><\/strong><\/mark><\/td><td><strong><em>Coordinador<\/em><\/strong><\/td><\/tr><tr><td>Santiago<\/td><td>Edwin Espinal Hern\u00e1ndez<\/td><\/tr><tr><td>Valverde<\/td><td>Rafael Dar\u00edo Herrera<\/td><\/tr><tr><td>Puerto Plata<\/td><td>Juan Ventura<\/td><\/tr><tr><td>La Vega<\/td><td>Reynolds P\u00e9rez Estefan<\/td><\/tr><tr><td>Duarte<\/td><td>Roberto Santos Hern\u00e1ndez<\/td><\/tr><tr><td>Peravia<\/td><td>Manuel Vetilio Valera<\/td><\/tr><tr><td>San Pedro de Macor\u00eds<\/td><td>Ferm\u00edn  \u00c1lvarez<\/td><\/tr><\/tbody><\/table><\/figure>\n\n\n\n<hr class=\"wp-block-separator has-css-opacity is-style-wide\"\/>\n\n\n\n<p><strong><mark style=\"background-color:rgba(0, 0, 0, 0)\" class=\"has-inline-color has-black-color\">Comisiones Estatutarias y Especiales<\/mark><\/strong><\/p>\n\n\n\n<p><mark style=\"background-color:rgba(0, 0, 0, 0)\" class=\"has-inline-color has-black-color\">Las Comisiones, seg\u00fan los art\u00edculos 32 y 33 de los Estatutos de la Academia Dominicana de la Historia, son organismos de car\u00e1cter permanente cuyos integrantes son designados\u00a0 por el presidente de la instituci\u00f3n.<\/mark><\/p>\n\n\n\n<p><strong><mark style=\"background-color:rgba(0, 0, 0, 0)\" class=\"has-inline-color has-black-color\">Comisiones Complementarias 2019-2022<\/mark><\/strong><\/p>\n\n\n\n<figure class=\"wp-block-table aligncenter is-style-stripes\"><table class=\"has-subtle-pale-green-background-color has-background has-fixed-layout\"><tbody><tr><td><mark style=\"background-color:rgba(0, 0, 0, 0)\" class=\"has-inline-color has-black-color\"><strong><em>Comisi\u00f3n<\/em><\/strong><\/mark><\/td><td><strong><em>Coordinador<\/em><\/strong><\/td><td><strong><em>Miembros<\/em><\/strong><\/td><\/tr><tr><td><strong><em>Becas<\/em><\/strong><\/td><td>Frank Moya Pons<\/td><td>Natalia Gonz\u00e1lez<br>Quisqueya Lora<\/td><\/tr><tr><td><strong><em>Ense\u00f1anza de la Historia<\/em><\/strong><\/td><td>Natalia Gonz\u00e1lez<\/td><td>Sonia Medina Rodr\u00edguez<br>H\u00e9ctor Luis Mart\u00ednez<br>Alejandro Paulino<\/td><\/tr><tr><td><strong><em>Historia Local<\/em><\/strong><\/td><td>Rafael Enrique Jarvis Luis<\/td><td>Reynolds P\u00e9rez Stefan<br>Ferm\u00edn Alvarez<\/td><\/tr><tr><td><em><strong>Redes de Comunicaci\u00f3n Social<\/strong><\/em><\/td><td>Juan Daniel Balc\u00e1cer<\/td><td>Miguel Guerrero<\/td><\/tr><\/tbody><\/table><\/figure>\n\n\n\n<hr class=\"wp-block-separator has-css-opacity is-style-wide\"\/>\n\n\n\n<p><strong><mark style=\"background-color:rgba(0, 0, 0, 0)\" class=\"has-inline-color has-black-color\"> Comisi\u00f3n\u00a0 Asuntos Internacionales<\/mark><\/strong><\/p>\n\n\n\n<figure class=\"wp-block-table alignleft is-style-stripes\"><table class=\"has-subtle-pale-green-background-color has-background has-fixed-layout\"><tbody><tr><td><strong><em><mark style=\"background-color:rgba(0, 0, 0, 0)\" class=\"has-inline-color has-black-color\">Coordinador<\/mark><\/em><\/strong><\/td><td><\/td><\/tr><tr><td><mark style=\"background-color:rgba(0, 0, 0, 0)\" class=\"has-inline-color has-black-color\">Miguel Reyes S\u00e1nchez<\/mark><\/td><td><\/td><\/tr><tr><td><\/td><td><\/td><\/tr><\/tbody><\/table><\/figure>\n\n\n\n<p class=\"has-text-align-left\"><\/p>\n\n\n\n<p><\/p>\n","protected":false},"excerpt":{"rendered":"<p>Comisiones Estatutarias Las Comisiones, seg\u00fan los art\u00edculos 32 y 33 de los Estatutos de la Academia Dominicana de la Historia, son organismos de car\u00e1cte<\/p>\n","protected":false},"author":1,"featured_media":0,"parent":35,"menu_order":0,"comment_status":"closed","ping_status":"closed","template":"fullwidth.php","meta":[],"_links":{"self":[{"href":"https:\/\/www.academiadominicanahistoria.org.do\/index.php?rest_route=\/wp\/v2\/pages\/1662"}],"collection":[{"href":"https:\/\/www.academiadominicanahistoria.org.do\/index.php?rest_route=\/wp\/v2\/pages"}],"about":[{"href":"https:\/\/www.academiadominicanahistoria.org.do\/index.php?rest_route=\/wp\/v2\/types\/page"}],"author":[{"embeddable":true,"href":"https:\/\/www.academiadominicanahistoria.org.do\/index.php?rest_route=\/wp\/v2\/users\/1"}],"replies":[{"embeddable":true,"href":"https:\/\/www.academiadominicanahistoria.org.do\/index.php?rest_route=%2Fwp%2Fv2%2Fcomments&post=1662"}],"version-history":[{"count":30,"href":"https:\/\/www.academiadominicanahistoria.org.do\/index.php?rest_route=\/wp\/v2\/pages\/1662\/revisions"}],"predecessor-version":[{"id":2979,"href":"https:\/\/www.academiadominicanahistoria.org.do\/index.php?rest_route=\/wp\/v2\/pages\/1662\/revisions\/2979"}],"up":[{"embeddable":true,"href":"https:\/\/www.academiadominicanahistoria.org.do\/index.php?rest_route=\/wp\/v2\/pages\/35"}],"wp:attachment":[{"href":"https:\/\/www.academiadominicanahistoria.org.do\/index.php?rest_route=%2Fwp%2Fv2%2Fmedia&parent=1662"}],"curies":[{"name":"wp","href":"https:\/\/api.w.org\/{rel}","templated":true}]}}