{"id":2174,"date":"2021-02-10T20:25:50","date_gmt":"2021-02-10T20:25:50","guid":{"rendered":"https:\/\/www.academiadominicanahistoria.org.do\/?page_id=2174"},"modified":"2022-10-06T14:29:59","modified_gmt":"2022-10-06T14:29:59","slug":"noticias-de-la-adh","status":"publish","type":"page","link":"https:\/\/www.academiadominicanahistoria.org.do\/?page_id=2174","title":{"rendered":"Noticias de la ADH"},"content":{"rendered":"\n<p class=\"has-text-align-center\"><strong>Puesta en circulaci\u00f3n del libro\u00a0<em>Las dolosas elecciones de 1994 y su coincidencia con el embargo contra Hait\u00ed<\/em>, de Bernardo Vega<\/strong><\/p>\n\n\n\n<p><a href=\"https:\/\/hoy.com.do\/bernardo-vega-publica-obra-sobre-el-fraude-del-1994\/\" target=\"_blank\" rel=\"noreferrer noopener\">Ver noticias &#8211; Fuente Peri\u00f3dico Hoy<\/a><\/p>\n\n\n\n<hr class=\"wp-block-separator has-css-opacity is-style-wide\"\/>\n\n\n\n<p class=\"has-text-align-center\"><strong>Serie: \u00ab90 Aniversario 1931-2021\u00bb<\/strong><\/p>\n\n\n\n<blockquote class=\"wp-block-quote\"><p>Que es la historia segun Pierre Vilar ?<\/p><cite>Pierre Vilar  &#8211; <a href=\"https:\/\/www.academiadominicanahistoria.org.do\/wp-content\/uploads\/2021\/02\/afichePierreVilar.pdf\" target=\"_blank\" rel=\"noreferrer noopener\" aria-label=\"Ver m\u00e1s (opens in a new tab)\">Ver m\u00e1s<\/a><\/cite><\/blockquote>\n\n\n\n<hr class=\"wp-block-separator has-css-opacity is-style-wide\"\/>\n\n\n\n<p class=\"has-text-align-center\"><strong>\u201cGALARDON AM\u00c9RICO LUGO AL LIBRO DE HISTORIA DEL A\u00d1O\u02ee<\/strong><\/p>\n\n\n\n<blockquote class=\"wp-block-quote\"><p>  &nbsp;Con el objetivo fundamental de estimular y reconocer las obras de historiadores, investigadores o estudiosos dominicanos, residentes en el pa\u00eds o en el extranjero, que representen un aporte original, trascendente e innegable a la historia dominicana, la Academia Dominicana de la Historia ha creado, con los auspicios del Banco Popular Dominicano, el \u201cGalard\u00f3n Am\u00e9rico Lugo al Libro de Historia del A\u00f1o\u02ee <\/p><cite> M\u00e1s informaci\u00f3n  &#8211; <a rel=\"noreferrer noopener\" aria-label=\"Ver bases del concurso (opens in a new tab)\" href=\"https:\/\/www.academiadominicanahistoria.org.do\/wp-content\/uploads\/2021\/02\/GALARDONAMERICOLUGO.pdf\" target=\"_blank\">Ver bases del concurso<\/a><\/cite><\/blockquote>\n\n\n\n<hr class=\"wp-block-separator has-css-opacity is-style-wide\"\/>\n\n\n\n<p class=\"has-text-align-center\"><strong>MENSAJE EN EL D\u00cdA NACIONAL DEL HISTORIADOR DOMINICANO<\/strong><\/p>\n\n\n\n<blockquote class=\"wp-block-quote\"><p>Ministerio de Cultura y Academia Dominicana de la Historia.<\/p><cite><a href=\"https:\/\/www.academiadominicanahistoria.org.do\/wp-content\/uploads\/2021\/02\/MensajeenelDiaNacionaldelHistoriador.pdf\" target=\"_blank\" rel=\"noreferrer noopener\" aria-label=\"Ver documento (opens in a new tab)\">Ver documento<\/a><\/cite><\/blockquote>\n\n\n\n<hr class=\"wp-block-separator has-css-opacity is-style-wide\"\/>\n\n\n\n<p class=\"has-text-align-center\"><strong>Datos biogr\u00e1ficos de Jos\u00e9 Gabriel Garc\u00eda<\/strong>.<\/p>\n\n\n\n<blockquote class=\"wp-block-quote\"><p>Padre de la historiograf\u00eda dominicana. <\/p><cite><a href=\"https:\/\/www.academiadominicanahistoria.org.do\/wp-content\/uploads\/2021\/02\/DatosbiograficosdeJoseGabrielGarcia.pdf\" target=\"_blank\" rel=\"noreferrer noopener\" aria-label=\"Ver documento (opens in a new tab)\">Ver documento<\/a><\/cite><\/blockquote>\n\n\n\n<p><\/p>\n","protected":false},"excerpt":{"rendered":"<p>Puesta en circulaci\u00f3n del libro\u00a0Las dolosas elecciones de 1994 y su coincidencia con el embargo contra Hait\u00ed, de Bernardo Vega Ver noticias &#8211; Fuen<\/p>\n","protected":false},"author":1,"featured_media":0,"parent":0,"menu_order":0,"comment_status":"closed","ping_status":"closed","template":"","meta":[],"_links":{"self":[{"href":"https:\/\/www.academiadominicanahistoria.org.do\/index.php?rest_route=\/wp\/v2\/pages\/2174"}],"collection":[{"href":"https:\/\/www.academiadominicanahistoria.org.do\/index.php?rest_route=\/wp\/v2\/pages"}],"about":[{"href":"https:\/\/www.academiadominicanahistoria.org.do\/index.php?rest_route=\/wp\/v2\/types\/page"}],"author":[{"embeddable":true,"href":"https:\/\/www.academiadominicanahistoria.org.do\/index.php?rest_route=\/wp\/v2\/users\/1"}],"replies":[{"embeddable":true,"href":"https:\/\/www.academiadominicanahistoria.org.do\/index.php?rest_route=%2Fwp%2Fv2%2Fcomments&post=2174"}],"version-history":[{"count":7,"href":"https:\/\/www.academiadominicanahistoria.org.do\/index.php?rest_route=\/wp\/v2\/pages\/2174\/revisions"}],"predecessor-version":[{"id":2973,"href":"https:\/\/www.academiadominicanahistoria.org.do\/index.php?rest_route=\/wp\/v2\/pages\/2174\/revisions\/2973"}],"wp:attachment":[{"href":"https:\/\/www.academiadominicanahistoria.org.do\/index.php?rest_route=%2Fwp%2Fv2%2Fmedia&parent=2174"}],"curies":[{"name":"wp","href":"https:\/\/api.w.org\/{rel}","templated":true}]}}