{"id":2985,"date":"2022-12-08T03:51:56","date_gmt":"2022-12-08T03:51:56","guid":{"rendered":"https:\/\/www.academiadominicanahistoria.org.do\/?page_id=2985"},"modified":"2022-12-09T09:55:40","modified_gmt":"2022-12-09T09:55:40","slug":"actividades-realizadas-en-la-academia","status":"publish","type":"page","link":"https:\/\/www.academiadominicanahistoria.org.do\/?page_id=2985","title":{"rendered":"Actividades en la Academia"},"content":{"rendered":"\n<figure class=\"wp-block-embed is-type-rich is-provider-gestor-del-servicio wp-block-embed-gestor-del-servicio wp-embed-aspect-16-9 wp-has-aspect-ratio\"><div class=\"wp-block-embed__wrapper\">\n<iframe loading=\"lazy\" title=\"Actividad realizada en la sala de conferencias de la Academia Dominicana de la Historia.\" width=\"900\" height=\"506\" src=\"https:\/\/www.youtube.com\/embed\/6jSlhsboXCk?feature=oembed\" frameborder=\"0\" allow=\"accelerometer; autoplay; clipboard-write; encrypted-media; gyroscope; picture-in-picture\" allowfullscreen><\/iframe>\n<\/div><figcaption><strong><mark style=\"background-color:rgba(0, 0, 0, 0)\" class=\"has-inline-color has-black-color\">Puesta en circulaci\u00f3n de la obra Centro Hist\u00f3rico de Santo Domingo: Herencias Coloniales y Or\u00edgenes de la Naci\u00f3n Dominicana del escritor Juan Llad\u00f3.<\/mark><\/strong><\/figcaption><\/figure>\n","protected":false},"excerpt":{"rendered":"","protected":false},"author":1,"featured_media":0,"parent":0,"menu_order":0,"comment_status":"closed","ping_status":"closed","template":"","meta":[],"_links":{"self":[{"href":"https:\/\/www.academiadominicanahistoria.org.do\/index.php?rest_route=\/wp\/v2\/pages\/2985"}],"collection":[{"href":"https:\/\/www.academiadominicanahistoria.org.do\/index.php?rest_route=\/wp\/v2\/pages"}],"about":[{"href":"https:\/\/www.academiadominicanahistoria.org.do\/index.php?rest_route=\/wp\/v2\/types\/page"}],"author":[{"embeddable":true,"href":"https:\/\/www.academiadominicanahistoria.org.do\/index.php?rest_route=\/wp\/v2\/users\/1"}],"replies":[{"embeddable":true,"href":"https:\/\/www.academiadominicanahistoria.org.do\/index.php?rest_route=%2Fwp%2Fv2%2Fcomments&post=2985"}],"version-history":[{"count":3,"href":"https:\/\/www.academiadominicanahistoria.org.do\/index.php?rest_route=\/wp\/v2\/pages\/2985\/revisions"}],"predecessor-version":[{"id":2990,"href":"https:\/\/www.academiadominicanahistoria.org.do\/index.php?rest_route=\/wp\/v2\/pages\/2985\/revisions\/2990"}],"wp:attachment":[{"href":"https:\/\/www.academiadominicanahistoria.org.do\/index.php?rest_route=%2Fwp%2Fv2%2Fmedia&parent=2985"}],"curies":[{"name":"wp","href":"https:\/\/api.w.org\/{rel}","templated":true}]}}