{"id":3175,"date":"2025-08-19T18:55:56","date_gmt":"2025-08-19T18:55:56","guid":{"rendered":"https:\/\/www.academiadominicanahistoria.org.do\/?page_id=3175"},"modified":"2025-08-19T19:36:15","modified_gmt":"2025-08-19T19:36:15","slug":"dr-eduardo-j-tejera-y-curbelo","status":"publish","type":"page","link":"https:\/\/www.academiadominicanahistoria.org.do\/?page_id=3175","title":{"rendered":"Dr. Eduardo J. Tejera y Curbelo"},"content":{"rendered":"\n<p><strong><mark style=\"background-color:rgba(0, 0, 0, 0);color:#0c7640\" class=\"has-inline-color\">Vicepresidente<\/mark><\/strong><\/p>\n\n\n\n<p>Eduardo J. Tejera y Curbelo es economista, pol\u00edtico, escritor y diplom\u00e1tico dominicano con una destacada trayectoria profesional. Nacido en Rep\u00fablica Dominicana,<\/p>\n\n\n\n<p><strong>Formaci\u00f3n Acad\u00e9mica:<\/strong><br>Estudi\u00f3 el Colegio La Salle en La Habana, Cuba, y en el Colegio Carol Morgan School en Santo Domingo. Se gradu\u00f3 de Coral Gables High School en Miami, Florida, obtuvo un diploma de Associate in Arts en Miami Dade Junior College en 1967. Posteriormente, se gradu\u00f3 en econom\u00eda con un doctorado en The American University en Washington, D.C., en 1971.<\/p>\n\n\n\n<p><strong>Experiencia Profesional:<\/strong><br>Ha ocupado diversos cargos en el \u00e1mbito financiero y empresarial, incluyendo Subgerente Financiero y Asesor Econ\u00f3mico del Banco Central, Presidente del Consejo de Directores del Banco de Desarrollo FINADE, S.A., y Country Manager de Enron Corp. Tambi\u00e9n ha sido presidente de varias empresas como Consultor\u00eda Econ\u00f3mica y Financiera, S.A., Gestora de Capitales Sofisa, S.A., y Constructora Sofisa, S.A. Adem\u00e1s, fue Vicepresidente de Cementos Col\u00f3n, S.A., y Embajador Dominicano ante Canad\u00e1 entre 2004 y 2007.<\/p>\n\n\n\n<p><strong>Conferencias Internacionales:<\/strong><br>Ha representado a Rep\u00fablica Dominicana en reuniones de alto nivel como las del Fondo Monetario Internacional, el Banco Mundial, y la Organizaci\u00f3n Mundial del Comercio. Tambi\u00e9n particip\u00f3 en cumbres presidenciales y conferencias de las Naciones Unidas.<\/p>\n\n\n\n<p><strong>Publicaciones:<\/strong><br>Es autor de numerosos libros sobre econom\u00eda, pol\u00edtica y poes\u00eda, entre los que destacan \u00abUna D\u00e9cada de Desarrollo Econ\u00f3mico Dominicano\u00bb, \u00abDiagn\u00f3stico de la Econom\u00eda Dominicana\u00bb, \u00abCincuenta A\u00f1os de Democracia y Desarrollo Econ\u00f3mico Dominicano 1961-2011\u00bb, y varias obras po\u00e9ticas como \u00abPoemas de mi Propio Oto\u00f1o\u00bb.<\/p>\n\n\n\n<p><strong>Pol\u00edtica:<\/strong><br>Fue miembro del Comit\u00e9 Pol\u00edtico y del Comit\u00e9 Ejecutivo Nacional del Partido Revolucionario Dominicano (PRD) y asesor econ\u00f3mico del Dr. Jos\u00e9 Francisco Pe\u00f1a G\u00f3mez. Renunci\u00f3 al PRD en 2003.<\/p>\n\n\n\n<p><strong>Condecoraciones:<\/strong><br>Recibi\u00f3 la Orden Isabel la Cat\u00f3lica en Grado de Comendador en Espa\u00f1a en 2012 y es miembro de la Fundaci\u00f3n Carlos III desde 2005.<\/p>\n","protected":false},"excerpt":{"rendered":"<p>Vicepresidente Eduardo J. Tejera y Curbelo es economista, pol\u00edtico, escritor y diplom\u00e1tico dominicano con una destacada trayectoria profesional. Nacido e<\/p>\n","protected":false},"author":1,"featured_media":0,"parent":0,"menu_order":0,"comment_status":"closed","ping_status":"closed","template":"fullwidth.php","meta":[],"_links":{"self":[{"href":"https:\/\/www.academiadominicanahistoria.org.do\/index.php?rest_route=\/wp\/v2\/pages\/3175"}],"collection":[{"href":"https:\/\/www.academiadominicanahistoria.org.do\/index.php?rest_route=\/wp\/v2\/pages"}],"about":[{"href":"https:\/\/www.academiadominicanahistoria.org.do\/index.php?rest_route=\/wp\/v2\/types\/page"}],"author":[{"embeddable":true,"href":"https:\/\/www.academiadominicanahistoria.org.do\/index.php?rest_route=\/wp\/v2\/users\/1"}],"replies":[{"embeddable":true,"href":"https:\/\/www.academiadominicanahistoria.org.do\/index.php?rest_route=%2Fwp%2Fv2%2Fcomments&post=3175"}],"version-history":[{"count":2,"href":"https:\/\/www.academiadominicanahistoria.org.do\/index.php?rest_route=\/wp\/v2\/pages\/3175\/revisions"}],"predecessor-version":[{"id":3178,"href":"https:\/\/www.academiadominicanahistoria.org.do\/index.php?rest_route=\/wp\/v2\/pages\/3175\/revisions\/3178"}],"wp:attachment":[{"href":"https:\/\/www.academiadominicanahistoria.org.do\/index.php?rest_route=%2Fwp%2Fv2%2Fmedia&parent=3175"}],"curies":[{"name":"wp","href":"https:\/\/api.w.org\/{rel}","templated":true}]}}