{"id":3182,"date":"2025-08-19T19:15:42","date_gmt":"2025-08-19T19:15:42","guid":{"rendered":"https:\/\/www.academiadominicanahistoria.org.do\/?page_id=3182"},"modified":"2025-08-19T19:42:02","modified_gmt":"2025-08-19T19:42:02","slug":"alejandro-paulino-ramos","status":"publish","type":"page","link":"https:\/\/www.academiadominicanahistoria.org.do\/?page_id=3182","title":{"rendered":"ALEJANDRO PAULINO RAMOS"},"content":{"rendered":"\n<p><strong><mark style=\"background-color:rgba(0, 0, 0, 0);color:#187429\" class=\"has-inline-color\">Tesorero<\/mark><\/strong><\/p>\n\n\n\n<p class=\"has-text-align-left\">Alejandro Paulina Ramos naci\u00f3 en San Francisco de Macor\u00eds, Rep\u00fablica Dominicana, el 15 de mayo de 1951. Graduado de Licenciado en Historia (1980) y con Maestr\u00eda en Historia dominicana (2006), por la Universidad Aut\u00f3noma de Santo Domingo, tiene adem\u00e1s una especialidad en Historia del Caribe por la Facultad Latinoamericana de Ciencias Sociales (FLACSO-Santo Domingo).<br><\/p>\n\n\n\n<p class=\"has-text-align-left\">Miembro correspondiente de la Academia Dominicana de la Historia, fue bibliotecario de la Biblioteca Central de la Universidad Aut\u00f3noma de Santo Domingo (1973-2007), director de la Biblioteca del AGN (2005-2011), y subdirector del Archivo General de la Naci\u00f3n (2011-2017).<\/p>\n\n\n\n<p class=\"has-text-align-left\"><br>Entre sus libros publicados se encuentran: Las ideas marxistas en la Rep\u00fablica Dominicana (1985); Vida y obra de Ercilia Pep\u00edn (1987); Historia de la primera biblioteca universitaria de Santo Domingo (1997); Diccionario del folklore y la cultura dominicana (2006); Censos municipales del siglo XIX y otras estad\u00edsticas de poblaci\u00f3n (2008); El Paladi\u00f3n: de la ocupaci\u00f3n militar norteamericana a la dictadura de Trujillo (201O); Mauricio B\u00e1ez (2012t Bachata y Son en la historia musical dominicana (2017); Los intelectuales y la intervenci\u00f3n militar norteamericana, 1916-1924 (2017); La Comisi\u00f3n Nacionalista y la ocupaci\u00f3n americana de 1916 (2017). Coautor del Diccionario biogr\u00e1fico-hist\u00f3rico puertorriqueiio (1985); Presencia Internacional de Ju\u00e1rez (2008); La Sociedad civil dominicana (201O), y la Historia del Ministerio de Relaciones Exteriores, 1844-2000 (2018). En el 2020 public\u00f3 La Dictadura de Tngillo: Vigilancia, tortura y control pol\u00edtico.<br><\/p>\n\n\n\n<p class=\"has-text-align-left\">Numerosos ensayos de temas hist\u00f3ricos y culturales se encuentran publicados principalmente en las revista Vetas y Xinesquema y en los suplementos culturales de los peri\u00f3dicos La Noticia y El Siglo, as\u00ed como en el Bolet\u00edn del Archivo General de la Naci\u00f3n. Sus escritos tambi\u00e9n aparecen en la obra colectiva Historia General del Pueblo Dominicano vol\u00famenes IV y V, publicada por la Academia Dominicana de la Historia en el 2019 y 2014: \u00abClubes, Gremios y sociedades culturales, 1875-1930\u00bb; \u00abEl Nacionalismo contra la ocupaci\u00f3n militar, 1916-1924\u00bb, y \u00abLuchas pol\u00edticas durante la primera mitad de la dictadura (1930-1945)\u00bb.<\/p>\n","protected":false},"excerpt":{"rendered":"<p>Tesorero Alejandro Paulina Ramos naci\u00f3 en San Francisco de Macor\u00eds, Rep\u00fablica Dominicana, el 15 de mayo de 1951. Graduado de Licenciado en Historia (198<\/p>\n","protected":false},"author":1,"featured_media":0,"parent":0,"menu_order":0,"comment_status":"closed","ping_status":"closed","template":"fullwidth.php","meta":[],"_links":{"self":[{"href":"https:\/\/www.academiadominicanahistoria.org.do\/index.php?rest_route=\/wp\/v2\/pages\/3182"}],"collection":[{"href":"https:\/\/www.academiadominicanahistoria.org.do\/index.php?rest_route=\/wp\/v2\/pages"}],"about":[{"href":"https:\/\/www.academiadominicanahistoria.org.do\/index.php?rest_route=\/wp\/v2\/types\/page"}],"author":[{"embeddable":true,"href":"https:\/\/www.academiadominicanahistoria.org.do\/index.php?rest_route=\/wp\/v2\/users\/1"}],"replies":[{"embeddable":true,"href":"https:\/\/www.academiadominicanahistoria.org.do\/index.php?rest_route=%2Fwp%2Fv2%2Fcomments&post=3182"}],"version-history":[{"count":3,"href":"https:\/\/www.academiadominicanahistoria.org.do\/index.php?rest_route=\/wp\/v2\/pages\/3182\/revisions"}],"predecessor-version":[{"id":3193,"href":"https:\/\/www.academiadominicanahistoria.org.do\/index.php?rest_route=\/wp\/v2\/pages\/3182\/revisions\/3193"}],"wp:attachment":[{"href":"https:\/\/www.academiadominicanahistoria.org.do\/index.php?rest_route=%2Fwp%2Fv2%2Fmedia&parent=3182"}],"curies":[{"name":"wp","href":"https:\/\/api.w.org\/{rel}","templated":true}]}}