{"id":3184,"date":"2025-08-19T19:20:50","date_gmt":"2025-08-19T19:20:50","guid":{"rendered":"https:\/\/www.academiadominicanahistoria.org.do\/?page_id=3184"},"modified":"2025-08-19T19:35:39","modified_gmt":"2025-08-19T19:35:39","slug":"edwin-espinal-hernandez","status":"publish","type":"page","link":"https:\/\/www.academiadominicanahistoria.org.do\/?page_id=3184","title":{"rendered":"Edwin Espinal Hern\u00e1ndez"},"content":{"rendered":"\n<p><strong><mark style=\"background-color:rgba(0, 0, 0, 0);color:#0a6439\" class=\"has-inline-color\">Vocal<\/mark><\/strong><\/p>\n\n\n\n<p>Abogado y notario p\u00fablico en ejercicio, es licenciado en Derecho por la Pontificia Universidad Cat\u00f3lica Madre y Maestra, con Maestr\u00eda en Procedimiento Civil, Postgrado en Derecho del Trabajo y la Seguridad Social y Diplomado en Pedagog\u00eda Universitaria por la misma universidad; Curso de Postgrado en Derecho de Autor y Derechos Conexos por la Universidad de Buenos Aires en Argentina y Diplomado en Derecho de Autor y Derechos Conexos por la Universidad EAFIT de Medell\u00edn, Colombia. Durante el per\u00edodo 2002-2004 ocup\u00f3 el cargo de Director de la Oficina Nacional de Derecho de Autor (ONDA). <\/p>\n\n\n\n<p>En el \u00e1rea acad\u00e9mica, es profesor de Derecho de la Propiedad Intelectual y T\u00e9cnicas de Redacci\u00f3n Jur\u00eddica en la Pontificia Universidad Cat\u00f3lica Madre y Maestra. Es primer vicepresidente de la Junta Directiva de la Asociaci\u00f3n Dominicana de Propiedad Intelectual, Inc. (ADOPI) y miembro del consejo editorial del Anuario Dominicano de Propiedad Intelectual de la Fundaci\u00f3n Global Democracia y Desarrollo (FUNGLODE). Es presidente del Comit\u00e9 Dominicano del Consejo Internacional de Monumentos y Sitios (ICOMOS) y miembro de la junta directiva del Ateneo Amantes de la Luz de Santiago. En el \u00e1mbito jur\u00eddico, es autor de las obras Patrimonio Cultural y Legislaci\u00f3n (1996), editada por la Asociaci\u00f3n Hip\u00f3lito Herrera Billini, y Legislaci\u00f3n de Propiedad Intelectual anotada, concordada y comentada (2009), editada por Editora Judicial. Comparte el ejercicio de su profesi\u00f3n de abogado y notario p\u00fablico con un intenso activismo cultural. <\/p>\n\n\n\n<p>Ha obtenido, entre otros galardones, el Premio Nacional de la Juventud en 2001, el Premio Nacional Feria del Libro Eduardo Le\u00f3n Jimenes 2006 por su obra los Caballeros, 1863 y Joven Sobresaliente de la Rep\u00fablica Dominicana, otorgado por Jaycees 72. Es adem\u00e1s Miembro Correspondiente del Instituto Duartiano y Miembro de N\u00famero del Instituto Dominicano de Genealog\u00eda y de la Academia Dominicana de la Historia. <\/p>\n\n\n\n<p>En los campos de la historia y la genealog\u00eda es autor de los libros: Nosotros, la familia Pichardo Rom\u00e1n, estudio geneal\u00f3gico (1990); Construyendo el progreso de Santiago Historia de la Asociaci\u00f3n Cibao de Ahorros y Pr\u00e9stamos (1998), Santiago, la provincia m\u00e1s provincia: a 155 a\u00f1os de su creaci\u00f3n (2000); Asociaci\u00f3n para el Desarrollo, Inc. &#8211; 40 a\u00f1os, una historia (2001), De mi quehacer geneal\u00f3gico (2003); Historia social de Santiago de los Caballeros 1863-1900 (2005); Manuel de Jes\u00fas Tavares Portes en el centenario de su fallecimiento, 1906-2006 (2006); Jos\u00e9 Batlle Filb\u00e1: del Maresme catal\u00e1n al Cibao dominicano (2007); y El Monumento a los H\u00e9roes de la Restauraci\u00f3n: historia y arquitectura (2008).<\/p>\n","protected":false},"excerpt":{"rendered":"<p>Vocal Abogado y notario p\u00fablico en ejercicio, es licenciado en Derecho por la Pontificia Universidad Cat\u00f3lica Madre y Maestra, con Maestr\u00eda en Procedimi<\/p>\n","protected":false},"author":1,"featured_media":0,"parent":0,"menu_order":0,"comment_status":"closed","ping_status":"closed","template":"fullwidth.php","meta":[],"_links":{"self":[{"href":"https:\/\/www.academiadominicanahistoria.org.do\/index.php?rest_route=\/wp\/v2\/pages\/3184"}],"collection":[{"href":"https:\/\/www.academiadominicanahistoria.org.do\/index.php?rest_route=\/wp\/v2\/pages"}],"about":[{"href":"https:\/\/www.academiadominicanahistoria.org.do\/index.php?rest_route=\/wp\/v2\/types\/page"}],"author":[{"embeddable":true,"href":"https:\/\/www.academiadominicanahistoria.org.do\/index.php?rest_route=\/wp\/v2\/users\/1"}],"replies":[{"embeddable":true,"href":"https:\/\/www.academiadominicanahistoria.org.do\/index.php?rest_route=%2Fwp%2Fv2%2Fcomments&post=3184"}],"version-history":[{"count":1,"href":"https:\/\/www.academiadominicanahistoria.org.do\/index.php?rest_route=\/wp\/v2\/pages\/3184\/revisions"}],"predecessor-version":[{"id":3185,"href":"https:\/\/www.academiadominicanahistoria.org.do\/index.php?rest_route=\/wp\/v2\/pages\/3184\/revisions\/3185"}],"wp:attachment":[{"href":"https:\/\/www.academiadominicanahistoria.org.do\/index.php?rest_route=%2Fwp%2Fv2%2Fmedia&parent=3184"}],"curies":[{"name":"wp","href":"https:\/\/api.w.org\/{rel}","templated":true}]}}