{"id":34,"date":"2017-07-06T20:18:09","date_gmt":"2017-07-06T20:18:09","guid":{"rendered":"http:\/\/academiadominicanahistoria.org.do\/?page_id=34"},"modified":"2017-08-25T14:51:24","modified_gmt":"2017-08-25T14:51:24","slug":"proclamacion-institucional","status":"publish","type":"page","link":"https:\/\/www.academiadominicanahistoria.org.do\/?page_id=34","title":{"rendered":"Proclamaci\u00f3n Institucional"},"content":{"rendered":"<p><span style=\"color: #000000;\"><strong>Estatutos de los objetivos, funciones y sede de la Academia Dominicana de la Historia<\/strong><\/span><\/p>\n<p style=\"text-align: left;\"><span style=\"color: #000000;\"><strong>\u00a0<\/strong><strong>Art\u00edculo n\u00fam. 1.-\u00a0<\/strong>La Academia Dominicana de la Historia es un organismo de derecho p\u00fablico, con personalidad jur\u00eddica, patrimonio y poder reglamentario propio y dem\u00e1s derechos y obligaciones inherentes a tal calidad. El conocimiento y estudio del pasado en general, y principalmente el de la naci\u00f3n dominicana, constituyen el objetivo primordial de la Academia Dominicana de la\u00a0<\/span><span style=\"color: #000000;\">Historia. La Academia tiene su sede en la Casa de las Academias, ubicada en la calle Mercedes n\u00fam. 204, Ciudad Colonial, Santo Domingo, Distrito Nacional, Rep\u00fablica Dominicana. Su Junta Directiva podr\u00e1 trasladar dicha sede, temporal o definitivamente, seg\u00fan lo considere conveniente. Asimismo, la Academia podr\u00e1 establecer extensiones o delegaciones en otras ciudades de la Rep\u00fablica. Est\u00e1 exenta de impuestos y tasas nacionales y municipales, y disfruta de franquicia postal y telegr\u00e1fica permanente.<\/span><\/p>\n<p style=\"text-align: left;\"><span style=\"color: #000000;\"><strong>\u00a0<\/strong><strong>ART\u00cdCULO 2.-\u00a0<\/strong>Para lograr sus objetivos, la Academia se ocupar\u00e1:<\/span><\/p>\n<p style=\"text-align: left;\"><span style=\"color: #000000;\">a) En investigar todo aquello que pueda contribuir al enriquecimiento de la historia de la isla Espa\u00f1ola o de Santo Domingo y, especialmente, la historia nacional de la Rep\u00fablica Dominicana.<\/span><\/p>\n<p style=\"text-align: left;\"><span style=\"color: #000000;\">b) En mantener una biblioteca especializada y, para ello, adquirir\u00e1 y conservar\u00e1 cuantos objetos, libros, folletos, fasc\u00edculos, peri\u00f3dicos, estampas, cartas geogr\u00e1ficas, fotograf\u00edas, microfilmes, videocintas, casetes y todo cuanto pueda ser \u00fatil para el estudio de la historia en general, y especialmente de la dominicana.<\/span><\/p>\n<p style=\"text-align: left;\"><span style=\"color: #000000;\">c) En divulgar la Historia Nacional por medio de obras, monograf\u00edas, memorias, disertaciones, fasc\u00edculos, revistas, folletos y otros tipos de publicaciones.<\/span><\/p>\n<p style=\"text-align: left;\"><span style=\"color: #000000;\">d) En estimular el estudio de la Historia Nacional, a trav\u00e9s de actividades docentes y culturales, el otorgamiento de becas, concursos, premiaciones y otros medios.<\/span><\/p>\n<p style=\"text-align: left;\"><span style=\"color: #000000;\">e) En asesorar al Gobierno dominicano en todos los asuntos hist\u00f3ricos, emitiendo su opini\u00f3n en aquellos casos que se lo requiera dicha autoridad y sus instituciones; as\u00ed como responder a consultas acad\u00e9micas sobre asuntos hist\u00f3ricos de inter\u00e9s nacional.<\/span><\/p>\n","protected":false},"excerpt":{"rendered":"<p>Estatutos de los objetivos, funciones y sede de la Academia Dominicana de la Historia \u00a0Art\u00edculo n\u00fam. 1.-\u00a0La Academia Dominicana de la Historia es un or<\/p>\n","protected":false},"author":1,"featured_media":0,"parent":32,"menu_order":0,"comment_status":"closed","ping_status":"closed","template":"fullwidth.php","meta":[],"_links":{"self":[{"href":"https:\/\/www.academiadominicanahistoria.org.do\/index.php?rest_route=\/wp\/v2\/pages\/34"}],"collection":[{"href":"https:\/\/www.academiadominicanahistoria.org.do\/index.php?rest_route=\/wp\/v2\/pages"}],"about":[{"href":"https:\/\/www.academiadominicanahistoria.org.do\/index.php?rest_route=\/wp\/v2\/types\/page"}],"author":[{"embeddable":true,"href":"https:\/\/www.academiadominicanahistoria.org.do\/index.php?rest_route=\/wp\/v2\/users\/1"}],"replies":[{"embeddable":true,"href":"https:\/\/www.academiadominicanahistoria.org.do\/index.php?rest_route=%2Fwp%2Fv2%2Fcomments&post=34"}],"version-history":[{"count":7,"href":"https:\/\/www.academiadominicanahistoria.org.do\/index.php?rest_route=\/wp\/v2\/pages\/34\/revisions"}],"predecessor-version":[{"id":774,"href":"https:\/\/www.academiadominicanahistoria.org.do\/index.php?rest_route=\/wp\/v2\/pages\/34\/revisions\/774"}],"up":[{"embeddable":true,"href":"https:\/\/www.academiadominicanahistoria.org.do\/index.php?rest_route=\/wp\/v2\/pages\/32"}],"wp:attachment":[{"href":"https:\/\/www.academiadominicanahistoria.org.do\/index.php?rest_route=%2Fwp%2Fv2%2Fmedia&parent=34"}],"curies":[{"name":"wp","href":"https:\/\/api.w.org\/{rel}","templated":true}]}}