{"id":36,"date":"2017-07-06T20:18:09","date_gmt":"2017-07-06T20:18:09","guid":{"rendered":"http:\/\/academiadominicanahistoria.org.do\/?page_id=36"},"modified":"2021-02-04T19:23:52","modified_gmt":"2021-02-04T19:23:52","slug":"documentos-institucionales","status":"publish","type":"page","link":"https:\/\/www.academiadominicanahistoria.org.do\/?page_id=36","title":{"rendered":"Documentos Institucionales"},"content":{"rendered":"<p><a class=\"alignnone\" href=\"https:\/\/academiadominicanahistoria.org.do\/wp-content\/uploads\/2017\/07\/01.-DECRETO-NUM-186.pdf\"><img loading=\"lazy\" class=\"size-full wp-image-190 alignleft\" src=\"http:\/\/academiadominicanahistoria.org.do\/wp-content\/uploads\/2017\/07\/icono.jpg\" alt=\"\" width=\"21\" height=\"24\" \/> Decreto n\u00fam. 186 que crea la Academia Dominicana de la Historia, 23 de Julio de 1931.<\/a><\/p>\n<p><a class=\"alignnone\" href=\"https:\/\/academiadominicanahistoria.org.do\/wp-content\/uploads\/2017\/07\/04.-DECRETO-NUM-504-96.pdf\"><img loading=\"lazy\" class=\"size-full wp-image-190 alignleft\" src=\"http:\/\/academiadominicanahistoria.org.do\/wp-content\/uploads\/2017\/07\/icono.jpg\" alt=\"\" width=\"21\" height=\"24\" \/>Decreto n\u00fam. 504-96 que modifica los art\u00edculos 3, 4 y 5 del Decreto 186, 11 de octubre de 1996.<\/a><\/p>\n<p><a class=\"alignnone\" href=\"https:\/\/academiadominicanahistoria.org.do\/wp-content\/uploads\/2017\/07\/05.-DECRETO-NUM-972-02.pdf\"><img loading=\"lazy\" class=\"size-full wp-image-190 alignleft\" src=\"http:\/\/academiadominicanahistoria.org.do\/wp-content\/uploads\/2017\/07\/icono.jpg\" alt=\"\" width=\"21\" height=\"24\" \/>Decreto n\u00fam. 972-02 que establece el Reglamento Org\u00e1nico, 26 de diciembre de 2002.<\/a><\/p>\n<p><a class=\"alignnone\" href=\"https:\/\/academiadominicanahistoria.org.do\/wp-content\/uploads\/2017\/07\/07.-MIEMBROS-PROTECTORES-Y-COLABORADORES.pdf\"><img loading=\"lazy\" class=\"size-full wp-image-190 alignleft\" src=\"http:\/\/academiadominicanahistoria.org.do\/wp-content\/uploads\/2017\/07\/icono.jpg\" alt=\"\" width=\"21\" height=\"24\" \/>Reglamento para los Protectores y Colaboradores, 5 de marzo de 2003.<\/a><\/p>\n<p><a class=\"alignnone\" href=\"https:\/\/academiadominicanahistoria.org.do\/wp-content\/uploads\/2017\/07\/08.-REGLAMENTO-CREACION-Y-FUNCIONAMIENTO-DEL-FONDO-PATRIMONIAL.pdf\"><img loading=\"lazy\" class=\"size-full wp-image-190 alignleft\" src=\"http:\/\/academiadominicanahistoria.org.do\/wp-content\/uploads\/2017\/07\/icono.jpg\" alt=\"\" width=\"21\" height=\"24\" \/>Reglamento para la creaci\u00f3n y funcionamiento del Fondo Patrimonial, 2 de abril de 2003.<\/a><\/p>\n<p><a class=\"alignnone\" href=\"https:\/\/academiadominicanahistoria.org.do\/wp-content\/uploads\/2017\/07\/09.-REGLAMENTO-INTERNO-DE-LOS-MIEMBROS-COLABORADORES.pdf\"><img loading=\"lazy\" class=\"size-full wp-image-190 alignleft\" src=\"http:\/\/academiadominicanahistoria.org.do\/wp-content\/uploads\/2017\/07\/icono.jpg\" alt=\"\" width=\"21\" height=\"24\" \/>Reglamento interno de los miembros Colaboradores, 30 de octubre de 2004.<\/a><\/p>\n<p><a href=\"https:\/\/academiadominicanahistoria.org.do\/wp-content\/uploads\/2017\/07\/17.-NORMAS-PARA-LOS-DISCURSOS-DE-MIEMBROS-ELECTOS.pdf\"><img loading=\"lazy\" class=\"size-full wp-image-190 alignleft\" src=\"http:\/\/academiadominicanahistoria.org.do\/wp-content\/uploads\/2017\/07\/icono.jpg\" alt=\"\" width=\"21\" height=\"24\" \/>Normas para los discursos de ingreso de los miembros electos, 26 de noviembre de 2003.<\/a><\/p>\n<p><a class=\"alignnone\" href=\"https:\/\/academiadominicanahistoria.org.do\/wp-content\/uploads\/2017\/07\/12.-NORMAS-PARA-PUBLICAR-TRABAJOS.pdf\"><img loading=\"lazy\" class=\"size-full wp-image-190 alignleft\" src=\"http:\/\/academiadominicanahistoria.org.do\/wp-content\/uploads\/2017\/07\/icono.jpg\" alt=\"\" width=\"21\" height=\"24\" \/>Normas para publicar trabajos en la Revista Cl\u00edo, 2005.<\/a><\/p>\n<p><a class=\"alignnone\" href=\"https:\/\/academiadominicanahistoria.org.do\/wp-content\/uploads\/2017\/07\/13.-DECRETO-NUM-42-14.pdf\"><img loading=\"lazy\" class=\"size-full wp-image-190 alignleft\" src=\"http:\/\/academiadominicanahistoria.org.do\/wp-content\/uploads\/2017\/07\/icono.jpg\" alt=\"\" width=\"21\" height=\"24\" \/>Decreto n\u00fam. 42-14 que establece los Estatutos, 10 de febrero de 2014.<\/a><\/p>\n<p><a class=\"alignnone\" href=\"https:\/\/academiadominicanahistoria.org.do\/wp-content\/uploads\/2017\/07\/13.-DECRETO-NUM-42-14.pdf\"><img loading=\"lazy\" class=\"size-full wp-image-190 alignleft\" src=\"http:\/\/academiadominicanahistoria.org.do\/wp-content\/uploads\/2017\/07\/icono.jpg\" alt=\"\" width=\"21\" height=\"24\" \/><\/a><\/p>\n<p><a href=\"https:\/\/catalogo.academiadominicanahistoria.org.do\/opac-tmpl\/files\/libros\/Decreto-562-20-DiadelHistoriador.pdf\" target=\"_blank\" rel=\"noopener noreferrer\">Decreto n\u00fam. 562-20 declara el Dia Nacional del Historiador.<\/a><\/p>\n<p><a class=\"alignnone\" href=\"https:\/\/academiadominicanahistoria.org.do\/wp-content\/uploads\/2017\/07\/13.-DECRETO-NUM-42-14.pdf\"><img loading=\"lazy\" class=\"size-full wp-image-190 alignleft\" src=\"http:\/\/academiadominicanahistoria.org.do\/wp-content\/uploads\/2017\/07\/icono.jpg\" alt=\"\" width=\"21\" height=\"24\" \/><\/a> <a href=\"https:\/\/www.academiadominicanahistoria.org.do\/wp-content\/uploads\/2021\/02\/NormasparaPublicarenlaRevistaClio.pdf\" target=\"_blank\" rel=\"noopener noreferrer\">Normas para publicar trabajos en la Revista Cl\u00edo, 2020.<\/a><\/p>\n","protected":false},"excerpt":{"rendered":"<p>Decreto n\u00fam. 186 que crea la Academia Dominicana de la Historia, 23 de Julio de 1931. Decreto n\u00fam. 504-96 que modifica los art\u00edculos 3, 4 y 5 del Decret<\/p>\n","protected":false},"author":1,"featured_media":0,"parent":35,"menu_order":0,"comment_status":"closed","ping_status":"closed","template":"fullwidth.php","meta":[],"_links":{"self":[{"href":"https:\/\/www.academiadominicanahistoria.org.do\/index.php?rest_route=\/wp\/v2\/pages\/36"}],"collection":[{"href":"https:\/\/www.academiadominicanahistoria.org.do\/index.php?rest_route=\/wp\/v2\/pages"}],"about":[{"href":"https:\/\/www.academiadominicanahistoria.org.do\/index.php?rest_route=\/wp\/v2\/types\/page"}],"author":[{"embeddable":true,"href":"https:\/\/www.academiadominicanahistoria.org.do\/index.php?rest_route=\/wp\/v2\/users\/1"}],"replies":[{"embeddable":true,"href":"https:\/\/www.academiadominicanahistoria.org.do\/index.php?rest_route=%2Fwp%2Fv2%2Fcomments&post=36"}],"version-history":[{"count":11,"href":"https:\/\/www.academiadominicanahistoria.org.do\/index.php?rest_route=\/wp\/v2\/pages\/36\/revisions"}],"predecessor-version":[{"id":2173,"href":"https:\/\/www.academiadominicanahistoria.org.do\/index.php?rest_route=\/wp\/v2\/pages\/36\/revisions\/2173"}],"up":[{"embeddable":true,"href":"https:\/\/www.academiadominicanahistoria.org.do\/index.php?rest_route=\/wp\/v2\/pages\/35"}],"wp:attachment":[{"href":"https:\/\/www.academiadominicanahistoria.org.do\/index.php?rest_route=%2Fwp%2Fv2%2Fmedia&parent=36"}],"curies":[{"name":"wp","href":"https:\/\/api.w.org\/{rel}","templated":true}]}}