{"id":37,"date":"2017-07-06T20:18:09","date_gmt":"2017-07-06T20:18:09","guid":{"rendered":"http:\/\/academiadominicanahistoria.org.do\/?page_id=37"},"modified":"2025-08-19T19:39:33","modified_gmt":"2025-08-19T19:39:33","slug":"presidente-y-junta-directiva-2016-2019","status":"publish","type":"page","link":"https:\/\/www.academiadominicanahistoria.org.do\/?page_id=37","title":{"rendered":"Presidente y Junta Directiva 2025-2028"},"content":{"rendered":"<p><a href=\"https:\/\/www.academiadominicanahistoria.org.do\/?page_id=506\" target=\"_blank\" rel=\"noopener noreferrer\"><span style=\"color: #000000;\"><b>Miguel Reyes S\u00e1nchez<\/b><\/span><\/a><br \/>\n<strong><span style=\"color: #008000;\">Presidente<\/span><\/strong><\/p>\n<p>Naci\u00f3 en Santo Domingo, Rep\u00fablica Dominicana, en 1966. Licenciado en Derecho, Cum Laude, en la Universidad Nacional Pedro Henr\u00edquez Ure\u00f1a (1988). M\u00e1ster en Estudios Diplom\u00e1ticos, Summa Cum Laude, en la Universidad Cat\u00f3lica de Santo Domingo (2001). M\u00e1ster en Uni\u00f3n Europea, Fundaci\u00f3n Centro Europeo Pallas Athene, Barcelona, Espa\u00f1a (2006). M\u00e1ster en ciencias sociales (MScs) en Estudios sobre Asia-Pac\u00edfico, Universidad de Tamkang, Rep\u00fablica de China (2019).<span style=\"color: #008000;\"> <a style=\"color: #008000;\" href=\"https:\/\/www.academiadominicanahistoria.org.do\/?page_id=506\" target=\"_blank\" rel=\"noopener noreferrer\"><strong>Leer m\u00e1s<\/strong><\/a><\/span><\/p>\n<p><span style=\"color: #000000;\"><strong>Eduardo J. Tejera<\/strong><\/span><br \/>\n<span style=\"color: #008000;\"><strong>Vicepresidente<\/strong><\/span><\/p>\n<p>Nacido en Rep\u00fablica Dominicana, en 1958. Economista, pol\u00edtico, escritor y diplom\u00e1tico dominicano con una destacada trayectoria profesional. Estudi\u00f3 el Colegio La Salle en La Habana, Cuba, y en el Colegio Carol Morgan School en Santo Domingo. Se gradu\u00f3 de Coral Gables High School en Miami, Florida, obtuvo un diploma de Associate in Arts en Miami Dade Junior College en 1967. Posteriormente, se gradu\u00f3 en econom\u00eda con un doctorado en The American University en Washington, D.C., en 1971. <span style=\"color: #008000;\"><strong><a style=\"color: #008000;\" href=\"https:\/\/www.academiadominicanahistoria.org.do\/?page_id=3175\" target=\"_blank\" rel=\"noopener\">Leer m\u00e1s<\/a><\/strong><\/span><\/p>\n<p><span style=\"color: #000000;\"><strong>Miguel Guerrero S\u00e1nchez<\/strong><\/span><br \/>\n<strong><span style=\"color: #008000;\">Secretario<\/span><\/strong><\/p>\n<p>Periodista, escritor e historiador.\u00a0Egresado de la Escuela de Ciencias de la Informaci\u00f3n P\u00fablica de la Facultad de Humanidades de la Universidad Aut\u00f3noma de Santo Domingo.\u00a0Comunicador de vasta experiencia profesional en prensa escrita, radial y televisiva.\u00a0Ha sido columnista de los principales peri\u00f3dicos nacionales y corresponsal de diferentes agencias de prensa internacionales.\u00a0Es autor de diversas obras sobre periodismo, pol\u00edtica e historia, entre las que destacan: <strong><span style=\"color: #008000;\"><a style=\"color: #008000;\" href=\"https:\/\/catalogo.academiadominicanahistoria.org.do\/cgi-bin\/koha\/opac-search.pl?idx=&amp;q=Miguel%20guerrero&amp;sort_by=pubdate_dsc&amp;count=20&amp;limit=author:Guerrero,%20Miguel\" target=\"_blank\" rel=\"noopener\">Bibliograf\u00eda en el cat\u00e1logo de la ADH<\/a><\/span><\/strong><\/p>\n<p><span style=\"color: #000000;\"><strong>Alejandro Paulino<\/strong><\/span><br \/>\n<strong><span style=\"color: #008000;\">Tesorero<\/span><\/strong><\/p>\n<p>Alejandro Paulina Ramos naci\u00f3 en San Francisco de Macor\u00eds, Rep\u00fablica Dominicana, el 15 de mayo de 1951. Graduado de Licenciado en Historia (1980) y con Maestr\u00eda en Historia dominicana (2006), por la Universidad Aut\u00f3noma de Santo Domingo, tiene adem\u00e1s una especialidad en Historia del Caribe por la Facultad Latinoamericana de Ciencias Sociales (FLACSO-Santo Domingo). <span style=\"color: #008000;\"><a style=\"color: #008000;\" href=\"https:\/\/www.academiadominicanahistoria.org.do\/?page_id=3182\" target=\"_blank\" rel=\"noopener\">Leer m\u00e1s<\/a><\/span><\/p>\n<p><span style=\"color: #000000;\"><strong>Edwin Espinal<\/strong><\/span><\/p>\n<p><strong><span style=\"color: #008000;\">Vocal<\/span><\/strong><\/p>\n<p>Abogado y notario p\u00fablico en ejercicio, es licenciado en Derecho por la Pontificia Universidad Cat\u00f3lica Madre y Maestra, con Maestr\u00eda en Procedimiento Civil, Postgrado en Derecho del Trabajo y la Seguridad Social y Diplomado en Pedagog\u00eda Universitaria por la misma universidad; Curso de Postgrado en Derecho de Autor y Derechos Conexos por la Universidad de Buenos Aires en Argentina y Diplomado en Derecho de Autor y Derechos Conexos por la Universidad EAFIT de Medell\u00edn, Colombia.\u00a0<span style=\"color: #008000;\"><a style=\"color: #008000;\" href=\"https:\/\/www.academiadominicanahistoria.org.do\/?page_id=3184\" target=\"_blank\" rel=\"noopener\">Leer m\u00e1s<\/a><\/span><\/p>\n","protected":false},"excerpt":{"rendered":"<p>Miguel Reyes S\u00e1nchez Presidente Naci\u00f3 en Santo Domingo, Rep\u00fablica Dominicana, en 1966. Licenciado en Derecho, Cum Laude, en la Universidad Nacional Pedr<\/p>\n","protected":false},"author":1,"featured_media":0,"parent":35,"menu_order":0,"comment_status":"closed","ping_status":"closed","template":"fullwidth.php","meta":[],"_links":{"self":[{"href":"https:\/\/www.academiadominicanahistoria.org.do\/index.php?rest_route=\/wp\/v2\/pages\/37"}],"collection":[{"href":"https:\/\/www.academiadominicanahistoria.org.do\/index.php?rest_route=\/wp\/v2\/pages"}],"about":[{"href":"https:\/\/www.academiadominicanahistoria.org.do\/index.php?rest_route=\/wp\/v2\/types\/page"}],"author":[{"embeddable":true,"href":"https:\/\/www.academiadominicanahistoria.org.do\/index.php?rest_route=\/wp\/v2\/users\/1"}],"replies":[{"embeddable":true,"href":"https:\/\/www.academiadominicanahistoria.org.do\/index.php?rest_route=%2Fwp%2Fv2%2Fcomments&post=37"}],"version-history":[{"count":39,"href":"https:\/\/www.academiadominicanahistoria.org.do\/index.php?rest_route=\/wp\/v2\/pages\/37\/revisions"}],"predecessor-version":[{"id":3191,"href":"https:\/\/www.academiadominicanahistoria.org.do\/index.php?rest_route=\/wp\/v2\/pages\/37\/revisions\/3191"}],"up":[{"embeddable":true,"href":"https:\/\/www.academiadominicanahistoria.org.do\/index.php?rest_route=\/wp\/v2\/pages\/35"}],"wp:attachment":[{"href":"https:\/\/www.academiadominicanahistoria.org.do\/index.php?rest_route=%2Fwp%2Fv2%2Fmedia&parent=37"}],"curies":[{"name":"wp","href":"https:\/\/api.w.org\/{rel}","templated":true}]}}