{"id":40,"date":"2017-07-06T20:18:09","date_gmt":"2017-07-06T20:18:09","guid":{"rendered":"http:\/\/academiadominicanahistoria.org.do\/?page_id=40"},"modified":"2025-09-15T15:04:33","modified_gmt":"2025-09-15T15:04:33","slug":"de-numero","status":"publish","type":"page","link":"https:\/\/www.academiadominicanahistoria.org.do\/?page_id=40","title":{"rendered":"De N\u00famero"},"content":{"rendered":"\n<div style=\"padding: 10px; float: left; width: 45%; text-align: justify;\">\n<p>1. <a href=\"https:\/\/academiadominicanahistoria.org.do\/wp-content\/uploads\/2017\/07\/MoyaPons.pdf\">Dr. Frank Moya Pons \u2013 Sill\u00f3n B<\/a> \u2013 1978<br>2.<a href=\"https:\/\/academiadominicanahistoria.org.do\/wp-content\/uploads\/2017\/07\/garciaarevalo.pdf\"> Lic. Manuel Antonio Garc\u00eda Ar\u00e9valo<\/a> \u2013 Sill\u00f3n D \u2013 1989<br>3. <a href=\"https:\/\/www.academiadominicanahistoria.org.do\/wp-content\/uploads\/2021\/05\/BernardoVega.pdf\" target=\"_blank\" rel=\"noopener noreferrer\">Lic. Bernardo Vega Boyrie<\/a> \u2013 Sill\u00f3n G \u2013 1995<br>4. <a href=\"https:\/\/www.academiadominicanahistoria.org.do\/wp-content\/uploads\/2021\/05\/FernandoPerezMemen.pdf\" target=\"_blank\" rel=\"noopener noreferrer\">Dr. Fernando Antonio P\u00e9rez Mem\u00e9n<\/a> \u2013 Sill\u00f3n C \u2013 1995<br>5.<a href=\"https:\/\/www.academiadominicanahistoria.org.do\/wp-content\/uploads\/2021\/05\/JoseChezCheco.pdf\" target=\"_blank\" rel=\"noopener noreferrer\"> Lic. Jos\u00e9 Felipe Chez Checo<\/a> \u2013 Sill\u00f3n I \u2013 1996<br>6. <a href=\"https:\/\/academiadominicanahistoria.org.do\/wp-content\/uploads\/2017\/07\/CassaBernaldo.pdf\">Dr. Roberto Cass\u00e1 Bernaldo de Quir\u00f3s<\/a> \u2013 Sill\u00f3n N \u2013 1996<br>7. <a href=\"https:\/\/academiadominicanahistoria.org.do\/wp-content\/uploads\/2017\/07\/Balcacer.pdf\">Lic. Juan Daniel Balc\u00e1cer<\/a> \u2013 Sill\u00f3n M \u2013 1998<br>8. Dr. Amadeo Modesto Juli\u00e1n Cedano \u2013 Sill\u00f3n P \u2013 1998 <br>9. <a href=\"https:\/\/www.academiadominicanahistoria.org.do\/wp-content\/uploads\/2021\/05\/JoseLuisSaezRamo.pdf\" target=\"_blank\" rel=\"noopener noreferrer\">Dr. Jos\u00e9 Luis S\u00e1ez Ramo<\/a> \u2013 Sill\u00f3n S \u2013 2000<br>10. <a href=\"https:\/\/academiadominicanahistoria.org.do\/wp-content\/uploads\/2017\/07\/PerezMontas.pdf\">Arq. Eugenio P\u00e9rez Mont\u00e1s <\/a>\u2013 Sill\u00f3n F \u2013 2000<br>11. <a href=\"https:\/\/www.academiadominicanahistoria.org.do\/wp-content\/uploads\/2021\/05\/WenceslaoVega.pdf\" target=\"_blank\" rel=\"noopener noreferrer\">Dr. Wenceslao Vega Boyrie<\/a> \u2013 Sill\u00f3n J \u2013 2000<br>12. <a href=\"https:\/\/www.academiadominicanahistoria.org.do\/wp-content\/uploads\/2021\/05\/Mu-KienSangBen.pdf\" target=\"_blank\" rel=\"noopener noreferrer\">Dra. Mu-Kien Adriana Sang Ben<\/a> \u2013 Sill\u00f3n R \u2013 2000<br>13.<a href=\"https:\/\/academiadominicanahistoria.org.do\/wp-content\/uploads\/2017\/07\/Jaimedominguez.pdf\">Dr. Jaime de Jes\u00fas Dom\u00ednguez<\/a> \u2013 Sill\u00f3n O \u2013 2001\n<\/p><\/div>\n<p>14. <a href=\"https:\/\/academiadominicanahistoria.org.do\/wp-content\/uploads\/2017\/07\/avelinogarcia.pdf\">Dr. Francisco Antonio Avelino Garc\u00eda<\/a> \u2013 Sill\u00f3n L \u2013 2003<br>15. <a href=\"\"><\/a> \u2013 Sill\u00f3n K \u2013 <br>16. <a href=\"https:\/\/academiadominicanahistoria.org.do\/wp-content\/uploads\/2017\/07\/gonzalezdepena.pdf\">Lic. Raymundo Manuel Gonz\u00e1lez de Pe\u00f1a<\/a> \u2013 Sill\u00f3n U \u2013 2004<br>17.<a href=\"https:\/\/academiadominicanahistoria.org.do\/wp-content\/uploads\/2017\/07\/CastilloPichardo.pdf\"> Lic. Jos\u00e9 del Castillo Pichardo<\/a> \u2013 Sill\u00f3n Y \u2013 2005<br>18. <a href=\"https:\/\/www.academiadominicanahistoria.org.do\/wp-content\/uploads\/2021\/05\/RafaelEmilioYunen.pdf\" target=\"_blank\" rel=\"noopener noreferrer\">Lic. Rafael Emilio Yun\u00e9n Zouain<\/a> \u2013 Sill\u00f3n V \u2013 2005<br>19. <a href=\"https:\/\/academiadominicanahistoria.org.do\/wp-content\/uploads\/2017\/07\/EspinalHernandez.pdf\">Lic. Edwin Rafael Espinal Hern\u00e1ndez<\/a> \u2013 Sill\u00f3n H \u2013 2012<br>20. <a href=\"https:\/\/www.academiadominicanahistoria.org.do\/wp-content\/uploads\/2021\/05\/SantiagoCastroVentura.pdf\" target=\"_blank\" rel=\"noopener noreferrer\">Dr. Santiago Castro Ventura<\/a> \u2013 Sill\u00f3n E &#8211; 2019<br>21.  <a href=\"https:\/\/www.academiadominicanahistoria.org.do\/wp-content\/uploads\/2025\/08\/MiguelGuerrero.pdf\" target=\"_blank\" rel=\"noopener noreferrer\">Lic. Miguel Guerrero S\u00e1nchez <\/a>\u2013 Sill\u00f3n Z &#8211; 2019<br>\n22. Lic. Welnel&nbsp; Dar\u00edo F\u00e9liz F\u00e9liz\u2013 Sill\u00f3n A \u2013 2020<br>23. <a href=\"https:\/\/www.academiadominicanahistoria.org.do\/wp-content\/uploads\/2021\/07\/JeannetteMiller-mn.pdf\" target=\"_blank\" rel=\"noopener noreferrer\">Licda. Jeannette de los \u00c1ngeles Miller Rivas<\/a>\u2013 Sill\u00f3n W \u2013 2021<br>24. <a href=\"https:\/\/www.academiadominicanahistoria.org.do\/wp-content\/uploads\/2021\/12\/CVMiguelReyesSanchez2021Historia.pdf\" target=\"_blank\" rel=\"noopener noreferrer\">Lic. Miguel Reyes S\u00e1nchez <\/a> \u2013 Sill\u00f3n X \u2013 2022<br>25. <a href=\"https:\/\/www.academiadominicanahistoria.org.do\/?page_id=3175\" target=\"_blank\" rel=\"noopener noreferrer\"> Dr. Eduardo J. Tejera &#8211; Sill\u00f3n T &#8211; 2023 <br>26. <\/a><a href=\"https:\/\/www.academiadominicanahistoria.org.do\/?page_id=3182\" target=\"_blank\" rel=\"noopener noreferrer\"> Lic. Alejandro Paulino Ramos &#8211; Sill\u00f3n Q &#8211;&nbsp; Electo 2021<\/a><\/p>\n","protected":false},"excerpt":{"rendered":"<p>1. Dr. Frank Moya Pons \u2013 Sill\u00f3n B \u2013 19782. Lic. Manuel Antonio Garc\u00eda Ar\u00e9valo \u2013 Sill\u00f3n D \u2013 19893. Lic. Bernardo Vega Boyrie \u2013 Sill\u00f3n G \u2013 1<\/p>\n","protected":false},"author":1,"featured_media":0,"parent":0,"menu_order":0,"comment_status":"closed","ping_status":"closed","template":"fullwidth.php","meta":[],"_links":{"self":[{"href":"https:\/\/www.academiadominicanahistoria.org.do\/index.php?rest_route=\/wp\/v2\/pages\/40"}],"collection":[{"href":"https:\/\/www.academiadominicanahistoria.org.do\/index.php?rest_route=\/wp\/v2\/pages"}],"about":[{"href":"https:\/\/www.academiadominicanahistoria.org.do\/index.php?rest_route=\/wp\/v2\/types\/page"}],"author":[{"embeddable":true,"href":"https:\/\/www.academiadominicanahistoria.org.do\/index.php?rest_route=\/wp\/v2\/users\/1"}],"replies":[{"embeddable":true,"href":"https:\/\/www.academiadominicanahistoria.org.do\/index.php?rest_route=%2Fwp%2Fv2%2Fcomments&post=40"}],"version-history":[{"count":49,"href":"https:\/\/www.academiadominicanahistoria.org.do\/index.php?rest_route=\/wp\/v2\/pages\/40\/revisions"}],"predecessor-version":[{"id":3278,"href":"https:\/\/www.academiadominicanahistoria.org.do\/index.php?rest_route=\/wp\/v2\/pages\/40\/revisions\/3278"}],"wp:attachment":[{"href":"https:\/\/www.academiadominicanahistoria.org.do\/index.php?rest_route=%2Fwp%2Fv2%2Fmedia&parent=40"}],"curies":[{"name":"wp","href":"https:\/\/api.w.org\/{rel}","templated":true}]}}