{"id":41,"date":"2017-07-06T20:18:09","date_gmt":"2017-07-06T20:18:09","guid":{"rendered":"http:\/\/academiadominicanahistoria.org.do\/?page_id=41"},"modified":"2025-09-15T15:14:02","modified_gmt":"2025-09-15T15:14:02","slug":"correspodientes","status":"publish","type":"page","link":"https:\/\/www.academiadominicanahistoria.org.do\/?page_id=41","title":{"rendered":"Correspodientes nacionales"},"content":{"rendered":"\n<div style=\"padding: 10px; float: left; width: 45%; text-align: justify;\">\n<p><span style=\"color: #000000;\">1. Mons. Antonio Camilo Gonz\u00e1lez \u2013 1992<\/span><br><span style=\"color: #000000;\"> 2. Dr. Vetilio Manuel Valera Vald\u00e9s \u2013 1992<\/span><br><span style=\"color: #000000;\"> 3. Gral. Jos\u00e9 Miguel Soto Jim\u00e9nez \u2013 1997<\/span><br><span style=\"color: #000000;\">4. Lic. Rub\u00e9n Arturo Sili\u00e9 Valdez \u2013 1997<\/span><br><span style=\"color: #000000;\">5. <a href=\"https:\/\/www.academiadominicanahistoria.org.do\/wp-content\/uploads\/2021\/05\/HectorLachapelleDiaz-MCN.pdf\"> Gral. H\u00e9ctor Lachapelle D\u00edaz <\/a>\u2013 1997<\/span><br><span style=\"color: #000000;\">6. <a href=\"https:\/\/www.academiadominicanahistoria.org.do\/wp-content\/uploads\/2021\/05\/FerminAlvarezSantana-MCN.pdf\">Dr. Ferm\u00edn \u00c1lvarez Santana <\/a>\u2013 2000<\/span><br><span style=\"color: #000000;\">7. Dra. Carmen Dur\u00e1n Jourdain \u2013 2002<\/span><br><span style=\"color: #000000;\">8. Dr. Juan Ventura Almonte \u2013 2002<\/span><br><span style=\"color: #000000;\"> 9. Licda. Celsa Albert Batista \u2013 2003<\/span><br><span style=\"color: #000000;\"> 10. Lic. Dantes Ortiz N\u00fa\u00f1ez \u2013 2003<\/span><br><span style=\"color: #000000;\"> 11. Lic. Di\u00f3medes N\u00fa\u00f1ez Polanco \u2013 2003<\/span><br><span style=\"color: #000000;\"> 12. Gral. Dr. Rafael Leonidas P\u00e9rez P\u00e9rez \u2013 2003<\/span><br><span style=\"color: #000000;\">13.<a href=\"https:\/\/www.academiadominicanahistoria.org.do\/wp-content\/uploads\/2021\/05\/FilibertoCruzSanchez-MCN.pdf\"> Lic. Filiberto Cruz S\u00e1nchez <\/a>\u2013 2003<\/span><br><span style=\"color: #000000;\"> 14. Lic. Jos\u00e9 Guillermo Guerrero S\u00e1nchez \u2013 2003<\/span><br><span style=\"color: #000000;\"> 15. <a href=\"https:\/\/www.academiadominicanahistoria.org.do\/wp-content\/uploads\/2021\/05\/MariaFilomenaGonzalez.pdf\">Licda. Mar\u00eda Filomena Gonz\u00e1lez Canalda <\/a>\u2013 2003<\/span><br><span style=\"color: #000000;\">16. Lic. Rafael Dar\u00edo Herrera Rodr\u00edguez \u2013 2003<\/span><br><span style=\"color: #000000;\">17. Dr. Euclides Guti\u00e9rrez F\u00e9lix \u2013 2004<\/span><br><span style=\"color: #000000;\"> 18. Dra. Mar\u00eda Elena Mu\u00f1oz Marte \u2013 2004<\/span><br><span style=\"color: #000000;\">  19. Licda. Sonia Nereyda Medina Rodr\u00edguez \u2013 2004<\/span><br><span style=\"color: #000000;\"> 20. Lic. Roberto Santos Hern\u00e1ndez \u2013 2005<\/span><br><span style=\"color: #000000;\">21. Ing. Constancio Cass\u00e1 Bernaldo de Quir\u00f3s \u2013 2012<\/span><br><span style=\"color: #000000;\"> 22. Lic. Rafael Enrique Jarvis Luis \u2013 2012<\/span><br><span style=\"color: #000000;\"> 23. Licda. Blanca Delgado Malag\u00f3n &#8211; 2015<\/span><br><span style=\"color: #000000;\">24. Arturo Mart\u00ednez Moya &#8211; 2015<\/span><br><\/p>\n<\/div>\n\n<p><span style=\"color: #000000;\"> 25. <a href=\"https:\/\/www.academiadominicanahistoria.org.do\/wp-content\/uploads\/2021\/07\/ReynoldsJossefPerezStefan-mcn.pdf\">Dr. Reynolds Jos\u00e9 P\u00e9rez Stefan <\/a> &#8211; 2015<\/span><br><span style=\"color: #000000;\">26. Esteban Prieto vicioso &#8211; 2016<\/span><br><span style=\"color: #000000;\">27. Genaro Rodr\u00edguez Morel &#8211; 2016<\/span><br><span style=\"color: #000000;\">28. Quisqueya Lora Hugui &#8211; 2016<\/span><br><span style=\"color: #000000;\">29. Dr. Luis \u00c1lvarez L\u00f3pez \u2013 2016<\/span><br><span style=\"color: #000000;\">30. H\u00e9ctor Luis Mart\u00ednez &#8211; 2016<\/span><br><span style=\"color: #000000;\">31. Natalia Gonz\u00e1lez Tejera &#8211; 2017<\/span><br><span style=\"color: #000000;\">32. Fern\u00e1ndo Infante &#8211; 2018<\/span><br><span style=\"color: #000000;\">33. Carlos And\u00fajar Persinal &#8211; 2018<\/span><br><span style=\"color: #000000;\">34. <a href=\"https:\/\/www.academiadominicanahistoria.org.do\/wp-content\/uploads\/2021\/05\/ReinaRosario-MCN.pdf\">Reina Cristina Rosario Fern\u00e1ndez <\/a>&#8211; 2019<\/span><br><span style=\"color: #000000;\">35. Joan Manuel Ferrer Rodr\u00edguez &#8211; 2019<\/span><br><span style=\"color: #000000;\">36. <a href=\"https:\/\/www.academiadominicanahistoria.org.do\/wp-content\/uploads\/2021\/05\/RobertEspinalLuna.pdf\">Lic. Robert Espinal Luna <\/a>&#8211; 2021<\/span><br><span style=\"color: #000000;\">37. <a href=\"https:\/\/www.academiadominicanahistoria.org.do\/wp-content\/uploads\/2021\/07\/WilfredoLozano-mcn.pdf\">Lic. Wilfredo Lozano <\/a> &#8211; 2021<\/span>\n<br><span style=\"color: #000000;\">38. Lic. Miguel Estrella G\u00f3mez &#8211; 2021<\/span>\n<br><span style=\"color: #000000;\">39. Dra. Virginia Flores Sasso &#8211; 2021<\/span>\n<br><span style=\"color: #000000;\">40. <a href=\"https:\/\/www.academiadominicanahistoria.org.do\/wp-content\/uploads\/2022\/05\/HerbertSternDiaz.pdf\"> Dr. Herbert  Stefan Stern D\u00edaz <\/a>&#8211; 2021<\/span>\n<br><span style=\"color: #000000;\">41. <a href=\"https:\/\/www.academiadominicanahistoria.org.do\/wp-content\/uploads\/2022\/05\/CVDaniloMueses.pdf\"> Ing. Danilo A. Mueses <\/a>&#8211; 2021<\/span>\n<br><span style=\"color: #000000;\">42. Vacante<\/span>\n<br><span style=\"color: #000000;\">43. Vacante<\/span>\n<br><span style=\"color: #000000;\">44. Vacante<\/span>\n<br><span style=\"color: #000000;\">45. Vacante<\/span>\n<br><span style=\"color: #000000;\">46. Vacante<\/span>\n<br><span style=\"color: #000000;\">47. Vacante<\/span><br><span style=\"color: #000000;\">48. Vacante<\/span>\n<\/p>\n\n\n\n<p><\/p>\n","protected":false},"excerpt":{"rendered":"<p>1. Mons. Antonio Camilo Gonz\u00e1lez \u2013 1992 2. Dr. Vetilio Manuel Valera Vald\u00e9s \u2013 1992 3. Gral. Jos\u00e9 Miguel Soto Jim\u00e9nez \u2013 19974. Lic. Rub\u00e9n Arturo <\/p>\n","protected":false},"author":1,"featured_media":0,"parent":0,"menu_order":0,"comment_status":"closed","ping_status":"closed","template":"fullwidth.php","meta":[],"_links":{"self":[{"href":"https:\/\/www.academiadominicanahistoria.org.do\/index.php?rest_route=\/wp\/v2\/pages\/41"}],"collection":[{"href":"https:\/\/www.academiadominicanahistoria.org.do\/index.php?rest_route=\/wp\/v2\/pages"}],"about":[{"href":"https:\/\/www.academiadominicanahistoria.org.do\/index.php?rest_route=\/wp\/v2\/types\/page"}],"author":[{"embeddable":true,"href":"https:\/\/www.academiadominicanahistoria.org.do\/index.php?rest_route=\/wp\/v2\/users\/1"}],"replies":[{"embeddable":true,"href":"https:\/\/www.academiadominicanahistoria.org.do\/index.php?rest_route=%2Fwp%2Fv2%2Fcomments&post=41"}],"version-history":[{"count":104,"href":"https:\/\/www.academiadominicanahistoria.org.do\/index.php?rest_route=\/wp\/v2\/pages\/41\/revisions"}],"predecessor-version":[{"id":3283,"href":"https:\/\/www.academiadominicanahistoria.org.do\/index.php?rest_route=\/wp\/v2\/pages\/41\/revisions\/3283"}],"wp:attachment":[{"href":"https:\/\/www.academiadominicanahistoria.org.do\/index.php?rest_route=%2Fwp%2Fv2%2Fmedia&parent=41"}],"curies":[{"name":"wp","href":"https:\/\/api.w.org\/{rel}","templated":true}]}}