{"id":44,"date":"2017-07-06T20:18:09","date_gmt":"2017-07-06T20:18:09","guid":{"rendered":"http:\/\/academiadominicanahistoria.org.do\/?page_id=44"},"modified":"2025-09-15T15:24:38","modified_gmt":"2025-09-15T15:24:38","slug":"colaboradores","status":"publish","type":"page","link":"https:\/\/www.academiadominicanahistoria.org.do\/?page_id=44","title":{"rendered":"Colaboradores"},"content":{"rendered":"\n<div style=\"padding: 10px; float: left; width: 45%; text-align: justify;\">\n<p><span style=\"color: #000000;\">1. <a href=\"https:\/\/www.academiadominicanahistoria.org.do\/wp-content\/uploads\/2021\/07\/VetilioAlfauDelValle-C.pdf\" target=\"_blank\" rel=\"noopener noreferrer\">Lic. Vetillo Alfau del Valle<\/a> (2003)<\/span><br><span style=\"color: #000000;\">2. Licda. Dilia Casta\u00f1os Guzm\u00e1n (2003)<\/span><br><span style=\"color: #000000;\">3. Arq. Gamal Michel\u00e9n Stefan (2003)<\/span><br><span style=\"color: #000000;\">4. Dr. Jos\u00e9 Alfonso Petit Mart\u00ednez (2003)<\/span><br><span style=\"color: #000000;\">5. Lic. Jos\u00e9 Alfredo Rizek Billini (2003)<\/span><br><span style=\"color: #000000;\">6. Ing. Ana Beatriz Valdez Duval (2003)<\/span><br><span style=\"color: #000000;\">7. Dr. Luis Eduardo Escobal Rodr\u00edguez (2003)<\/span><br><span style=\"color: #000000;\">8. <a href=\"https:\/\/www.academiadominicanahistoria.org.do\/wp-content\/uploads\/2021\/07\/JoseAntonioMartinezRojas-Colaborador.pdf\" target=\"_blank\" rel=\"noopener noreferrer\">Dr. Jos\u00e9 Antonio Mart\u00ednez Rojas<\/a> (2003)<\/span><br><span style=\"color: #000000;\">9. Dr. Fernando Battle P\u00e9rez (2005)<\/span><br><span style=\"color: #000000;\">10. Lic. Carlos Alonso Salado (2005)<\/span><br><span style=\"color: #000000;\">11. Lic. Rafael P\u00e9rez Modesto (2005)<\/span><br><span style=\"color: #000000;\">12. Lic. Francisco Bernardo Regino Espinal (2005)<\/span><br><span style=\"color: #000000;\">13. Lic. Juan Payero Brisso (2005)<\/span><br><span style=\"color: #000000;\"> 14. Lic. Alberto Perdomo Cisneros (2005)<\/span><br><span style=\"color: #000000;\">15. <a href=\"https:\/\/www.academiadominicanahistoria.org.do\/wp-content\/uploads\/2021\/07\/RolandoForestieri-colaborador.pdf\" target=\"_blank\" rel=\"noopener noreferrer\">Lic. Rolando Forestieri Sanabia<\/a> (2005)<\/span><br><span style=\"color: #000000;\"> 16. M. A. Reynaldo Rafael Espinal N\u00fa\u00f1ez (2006)<\/span><\/p>\n<\/div>\n<div style=\"padding: 10px; float: right; width: 45%; text-align: justify;\">\n<p><span style=\"color: #000000;\">17. Dr. Edgar Hern\u00e1ndez Mej\u00eda (2007)<\/span><br><span style=\"color: #000000;\">18. Ing. Efra\u00edn Baldrich Beauregard (2007)<\/span><br><span style=\"color: #000000;\"> 19. M. A. Lucy Margarita Arraya (2007)<\/span><br><span style=\"color: #000000;\"> 20. Lic. Miguel de Camps Jim\u00e9nez (noviembre 2007)<\/span><br><span style=\"color: #000000;\">21. Ing. V\u00edctor Arthur Nouel (2008)<\/span><br><span style=\"color: #000000;\"> 22. Arq. Linda Mar\u00eda Roca Pezzotti (2008)<\/span><br><span style=\"color: #000000;\">23. Dr. Rony Joubert Hued (2015)<\/span><br><span style=\"color: #000000;\">24. <a href=\"https:\/\/www.academiadominicanahistoria.org.do\/wp-content\/uploads\/2021\/07\/JuanManuelPrida-colaborador.pdf\" target=\"_blank\" rel=\"noopener noreferrer\">Sr. Juan Manuel Prida Busto<\/a> (2015)<\/span><br><span style=\"color: #000000;\">25. Lic. Miguel Ortega Peguero (2016)<\/span><br><span style=\"color: #000000;\"> 26. Lic. Virgilio Gautreaux Pi\u00f1eyro (2017)<\/span><br><span style=\"color: #000000;\"> 27. <a href=\"https:\/\/www.academiadominicanahistoria.org.do\/wp-content\/uploads\/2021\/07\/RomuloBricenoSuero-colaborador.pdf\" target=\"_blank\" rel=\"noopener noreferrer\">Dr. R\u00f3mulo Antonio Brice\u00f1o Suero<\/a> (2018)<\/span><br><span style=\"color: #000000;\">28. Lic. Oscar L\u00f3pez Reyes (2020)<\/span><br><span style=\"color: #000000;\">29. Jos\u00e9 Enrique Delmonte Son\u00e9 (2021)<br><span style=\"color: #000000;\">30. Alberto Emilio Despradel Cabral (2021)<\/span><br><span style=\"color: #000000;\">31. Lic. Mirna Guerrero (2022) <\/span><\/span><\/p>\n<\/div>\n\n\n\n<p><\/p>\n","protected":false},"excerpt":{"rendered":"<p>1. Lic. Vetillo Alfau del Valle (2003)2. Licda. Dilia Casta\u00f1os Guzm\u00e1n (2003)3. Arq. Gamal Michel\u00e9n Stefan (2003)4. Dr. Jos\u00e9 Alfonso Petit Mart\u00ednez (20<\/p>\n","protected":false},"author":1,"featured_media":0,"parent":0,"menu_order":0,"comment_status":"closed","ping_status":"closed","template":"fullwidth.php","meta":[],"_links":{"self":[{"href":"https:\/\/www.academiadominicanahistoria.org.do\/index.php?rest_route=\/wp\/v2\/pages\/44"}],"collection":[{"href":"https:\/\/www.academiadominicanahistoria.org.do\/index.php?rest_route=\/wp\/v2\/pages"}],"about":[{"href":"https:\/\/www.academiadominicanahistoria.org.do\/index.php?rest_route=\/wp\/v2\/types\/page"}],"author":[{"embeddable":true,"href":"https:\/\/www.academiadominicanahistoria.org.do\/index.php?rest_route=\/wp\/v2\/users\/1"}],"replies":[{"embeddable":true,"href":"https:\/\/www.academiadominicanahistoria.org.do\/index.php?rest_route=%2Fwp%2Fv2%2Fcomments&post=44"}],"version-history":[{"count":40,"href":"https:\/\/www.academiadominicanahistoria.org.do\/index.php?rest_route=\/wp\/v2\/pages\/44\/revisions"}],"predecessor-version":[{"id":3288,"href":"https:\/\/www.academiadominicanahistoria.org.do\/index.php?rest_route=\/wp\/v2\/pages\/44\/revisions\/3288"}],"wp:attachment":[{"href":"https:\/\/www.academiadominicanahistoria.org.do\/index.php?rest_route=%2Fwp%2Fv2%2Fmedia&parent=44"}],"curies":[{"name":"wp","href":"https:\/\/api.w.org\/{rel}","templated":true}]}}