{"id":46,"date":"2017-07-06T20:18:09","date_gmt":"2017-07-06T20:18:09","guid":{"rendered":"http:\/\/academiadominicanahistoria.org.do\/?page_id=46"},"modified":"2020-08-04T16:18:42","modified_gmt":"2020-08-04T16:18:42","slug":"2019-08-21-chez-checo-inicia-gestion-como-presidente-de-la-academia-dominicana-de-la-historia","status":"publish","type":"page","link":"https:\/\/www.academiadominicanahistoria.org.do\/?page_id=46","title":{"rendered":"Sala de Prensa"},"content":{"rendered":"\n<h4 style=\"text-align:left\"><strong>Mensaje con motivo del 157 aniversario de la Guerra Restauradora<\/strong><\/h4>\n\n\n\n<p>La Guerra Restauradora, considerada por muchos estudiosos e historiadores como la verdadera gesta independentista o como uno de los puntos m\u00e1s luminosos de dicho proceso, de lo cual es un elocuente ejemplo el insigne humanista Pedro Henr\u00edquez Ure\u00f1a, resalt\u00f3 el esp\u00edritu y el temple patri\u00f3ticos del pueblo dominicano cuando vio mancillada su soberan\u00eda con el acto proditorio de Pedro Santana, en 1861, de anexar a la Corona espa\u00f1ola la Rep\u00fablica de apenas 17 a\u00f1os de fundada.<\/p>\n\n\n\n<p>En la guerra patri\u00f3tica de la Restauraci\u00f3n (1863-1865), que tuvo un car\u00e1cter popular y nacional y que constituye una p\u00e1gina brillante de la historia dominicana y del Caribe, jugaron un destacado papel hombres y mujeres humildes, as\u00ed como grandes figuras civiles y militares, partidarias del pensamiento liberal, como el general Gregorio Luper\u00f3n, Gaspar Polanco, Jos\u00e9 Antonio Salcedo (Pepillo), Santiago Rodr\u00edguez, Benito Monci\u00f3n, Jos\u00e9 Cabrera, Manuel Rodr\u00edguez Obj\u00edo, Ulises Francisco Espaillat, y Benigno Filomeno de Rojas, entre otros, se utilizaron eficaces t\u00e1cticas de lucha para derrotar al enemigo como fueron la guerra de guerrillas, ideada por el patricio Ram\u00f3n Mat\u00edas Mella, la tierra arrasada y el uso de la tea.<\/p>\n\n\n\n<p>Las ideas liberales de la Restauraci\u00f3n, coadyuvaron, adem\u00e1s, a abonar el ideal de la creaci\u00f3n de una Confederaci\u00f3n de las Antillas.<\/p>\n\n\n\n<p>El pr\u00f3ximo 16 de agosto, el pa\u00eds conmemorar\u00e1 el 157 aniversario del inicio de la imperecedera gesta de la Guerra Restauradora, arropado por la vor\u00e1gine de una pandemia que acosa a la humanidad y de la cual el pa\u00eds no ha escapado. El momento es oportuno para retomar el esp\u00edritu de lucha de aquellos prohombres y sencillos ciudadanos que levantaron el estandarte de la dominicanidad, en esa dif\u00edcil coyuntura que se pensaba sucumb\u00eda la patria de Febrero de 1844. Sin temor al poderoso adversario que constitu\u00eda la potencia anexionista, lograron doblegarla. Hoy ese esp\u00edritu de resistencia debemos asumirlo con decisi\u00f3n y esperanza para encarar todas las dificultades del momento actual.<\/p>\n\n\n\n<p>La Academia Dominicana de la Historia exhorta a nuestros conciudadanos a rememorar esta haza\u00f1a de los combatientes de la Restauraci\u00f3n, que empu\u00f1aron con firmeza, valor y disciplina sus armas heroicas, al mismo tiempo que lograban esquivar con \u00e9xito las epidemias que se presentaron en el escenario de la guerra. Gloria eterna a los h\u00e9roes de la Guerra Restauradora, que consolid\u00f3 la patria de Febrero de 1844 y ocasion\u00f3 que la Rep\u00fablica Dominicana volviera a ser libre, soberana e independiente como lo expresara el padre de la patria Juan Pablo Duarte en el art\u00edculo 6 de su Proyecto de Ley Fundamental.<\/p>\n\n\n\n<p>Santo Domingo, Rep\u00fablica Dominicana<\/p>\n\n\n\n<p>Agosto de 2020.<\/p>\n","protected":false},"excerpt":{"rendered":"<p>Mensaje con motivo del 157 aniversario de la Guerra Restauradora La Guerra Restauradora, considerada por muchos estudiosos e historiadores como la verdader<\/p>\n","protected":false},"author":1,"featured_media":260,"parent":0,"menu_order":0,"comment_status":"closed","ping_status":"closed","template":"","meta":[],"_links":{"self":[{"href":"https:\/\/www.academiadominicanahistoria.org.do\/index.php?rest_route=\/wp\/v2\/pages\/46"}],"collection":[{"href":"https:\/\/www.academiadominicanahistoria.org.do\/index.php?rest_route=\/wp\/v2\/pages"}],"about":[{"href":"https:\/\/www.academiadominicanahistoria.org.do\/index.php?rest_route=\/wp\/v2\/types\/page"}],"author":[{"embeddable":true,"href":"https:\/\/www.academiadominicanahistoria.org.do\/index.php?rest_route=\/wp\/v2\/users\/1"}],"replies":[{"embeddable":true,"href":"https:\/\/www.academiadominicanahistoria.org.do\/index.php?rest_route=%2Fwp%2Fv2%2Fcomments&post=46"}],"version-history":[{"count":19,"href":"https:\/\/www.academiadominicanahistoria.org.do\/index.php?rest_route=\/wp\/v2\/pages\/46\/revisions"}],"predecessor-version":[{"id":1965,"href":"https:\/\/www.academiadominicanahistoria.org.do\/index.php?rest_route=\/wp\/v2\/pages\/46\/revisions\/1965"}],"wp:featuredmedia":[{"embeddable":true,"href":"https:\/\/www.academiadominicanahistoria.org.do\/index.php?rest_route=\/wp\/v2\/media\/260"}],"wp:attachment":[{"href":"https:\/\/www.academiadominicanahistoria.org.do\/index.php?rest_route=%2Fwp%2Fv2%2Fmedia&parent=46"}],"curies":[{"name":"wp","href":"https:\/\/api.w.org\/{rel}","templated":true}]}}