{"id":49,"date":"2017-07-06T20:18:09","date_gmt":"2017-07-06T20:18:09","guid":{"rendered":"http:\/\/academiadominicanahistoria.org.do\/?page_id=49"},"modified":"2021-09-03T14:46:40","modified_gmt":"2021-09-03T14:46:40","slug":"otras-entidades-de-historia","status":"publish","type":"page","link":"https:\/\/www.academiadominicanahistoria.org.do\/?page_id=49","title":{"rendered":"Otras entidades de Historia"},"content":{"rendered":"<div style=\"padding: 10px; float: left; width: 45%; text-align: justify;\">\n<p><a href=\"http:\/\/www.anh.org.ar\">Argentina<\/a><br \/>\n<a href=\"http:\/\/www.andesacd.org\/academia-boliviana-de-la-historia\/\">Bolivia<\/a><br \/>\n<a href=\"https:\/\/ihgb.org.br\/ihgb26.php\">Brasil<\/a><br \/>\n<a href=\"http:\/\/www.institutodechile.cl\/historia\/\">Chile<\/a><br \/>\n<a href=\"http:\/\/cihac.fcs.ucr.ac.cr\/cedocihac\/coleccion-academia-de-geografia-e-historia-de-costa-rica\/\">Costa Rica<\/a><br \/>\nCuba<br \/>\n<a href=\"http:\/\/historiasv.weebly.com\">El Salvador<\/a><br \/>\n<a href=\"https:\/\/academiahistoria.org.ec\/index.php\" target=\"_blank\" rel=\"noopener noreferrer\">Ecuador<\/a><br \/>\n<a href=\"http:\/\/www.rah.es\">Espa\u00f1a<\/a><br \/>\n<a href=\"http:\/\/academiageohist.org.gt\">Guatemala<\/a><br \/>\n<a href=\"https:\/\/www.academiahngeohistoria.org\">Honduras<\/a><\/p>\n<\/div>\n<div style=\"padding: 10px; float: right; width: 45%; text-align: justify;\">\n<p><a href=\"http:\/\/www.acadmexhistoria.org.mx\">M\u00e9xico<\/a><br \/>\n<a href=\"http:\/\/www.aghn.edu.ni\">Nicaragua<\/a><br \/>\n<a href=\"http:\/\/www.cervantesvirtual.com\/FichaMateria.html?Ref=387990&amp;idGrupo=estudiosCriticos\">Panam\u00e1<\/a><br \/>\n<a href=\"http:\/\/www.academiaparaguayadehistoria.org.py\">Paraguay<\/a><br \/>\n<a href=\"http:\/\/www.academiahistoria.org.pe\">Per\u00fa<\/a><br \/>\n<a href=\"http:\/\/academiaportuguesadahistoria.gov.pt\">Portugal<\/a><br \/>\n<a href=\"https:\/\/www.academiapr.org\/\" target=\"_blank\" rel=\"noopener noreferrer\">Puerto Rico<\/a><br \/>\n<a href=\"http:\/\/www.academiadominicanahistoria.org.do\">Rep\u00fablica Dominicana<\/a><br \/>\n<a href=\"https:\/\/histogeouru.wordpress.com\">Uruguay<\/a><br \/>\n<a href=\"http:\/\/www.anhvenezuela.org.ve\">Venezuela<\/a><\/p>\n<\/div>\n","protected":false},"excerpt":{"rendered":"<p>Argentina Bolivia Brasil Chile Costa Rica Cuba El Salvador Ecuador Espa\u00f1a Guatemala Honduras M\u00e9xico Nicaragua Panam\u00e1 Paraguay Per\u00fa Portugal Puerto Rico<\/p>\n","protected":false},"author":1,"featured_media":0,"parent":0,"menu_order":0,"comment_status":"closed","ping_status":"closed","template":"fullwidth.php","meta":[],"_links":{"self":[{"href":"https:\/\/www.academiadominicanahistoria.org.do\/index.php?rest_route=\/wp\/v2\/pages\/49"}],"collection":[{"href":"https:\/\/www.academiadominicanahistoria.org.do\/index.php?rest_route=\/wp\/v2\/pages"}],"about":[{"href":"https:\/\/www.academiadominicanahistoria.org.do\/index.php?rest_route=\/wp\/v2\/types\/page"}],"author":[{"embeddable":true,"href":"https:\/\/www.academiadominicanahistoria.org.do\/index.php?rest_route=\/wp\/v2\/users\/1"}],"replies":[{"embeddable":true,"href":"https:\/\/www.academiadominicanahistoria.org.do\/index.php?rest_route=%2Fwp%2Fv2%2Fcomments&post=49"}],"version-history":[{"count":11,"href":"https:\/\/www.academiadominicanahistoria.org.do\/index.php?rest_route=\/wp\/v2\/pages\/49\/revisions"}],"predecessor-version":[{"id":820,"href":"https:\/\/www.academiadominicanahistoria.org.do\/index.php?rest_route=\/wp\/v2\/pages\/49\/revisions\/820"}],"wp:attachment":[{"href":"https:\/\/www.academiadominicanahistoria.org.do\/index.php?rest_route=%2Fwp%2Fv2%2Fmedia&parent=49"}],"curies":[{"name":"wp","href":"https:\/\/api.w.org\/{rel}","templated":true}]}}